{"id":26,"date":"2024-05-28T00:25:22","date_gmt":"2024-05-28T00:25:22","guid":{"rendered":"https:\/\/meble-sakralne-jampol.pl\/?page_id=26"},"modified":"2024-05-28T00:53:23","modified_gmt":"2024-05-28T00:53:23","slug":"kontakt","status":"publish","type":"page","link":"https:\/\/meble-sakralne-jampol.pl\/index.php\/kontakt\/","title":{"rendered":"Kontakt"},"content":{"rendered":"\n<h4 class=\"wp-block-heading\">Meble sakralne z Jampola<\/h4>\n\n\n\n<h5 class=\"wp-block-heading\">Ks. W\u0142adys\u0142aw Cha\u0142upiak<\/h5>\n\n\n\n<p>Tel.: 0038 067 430 1270<\/p>\n\n\n\n<h4 class=\"wp-block-heading\">Ihor Martyniuk &#8211; stolarz<\/h4>\n\n\n\n<p>Tel.: 0038 097 112 0810<\/p>\n\n\n\n<p>e-mail: majdan121@gmail.com<\/p>\n","protected":false},"excerpt":{"rendered":"<p>Meble sakralne z Jampola Ks. W\u0142adys\u0142aw Cha\u0142upiak Tel.: 0038 067 430 1270 Ihor Martyniuk &#8211; stolarz Tel.: 0038 097 112 0810 e-mail: majdan121@gmail.com<\/p>\n","protected":false},"author":1,"featured_media":0,"parent":0,"menu_order":0,"comment_status":"closed","ping_status":"closed","template":"","meta":{"_regular_price":[],"currency_symbol":[],"_monsterinsights_skip_tracking":false,"_monsterinsights_sitenote_active":false,"_monsterinsights_sitenote_note":"","_monsterinsights_sitenote_category":0,"footnotes":""},"class_list":["post-26","page","type-page","status-publish","hentry"],"post_slider_layout_featured_media_urls":{"thumbnail":"","post_slider_layout_landscape_large":"","post_slider_layout_portrait_large":"","post_slider_layout_square_large":"","post_slider_layout_landscape":"","post_slider_layout_portrait":"","post_slider_layout_square":"","full":""},"_links":{"self":[{"href":"https:\/\/meble-sakralne-jampol.pl\/index.php\/wp-json\/wp\/v2\/pages\/26","targetHints":{"allow":["GET"]}}],"collection":[{"href":"https:\/\/meble-sakralne-jampol.pl\/index.php\/wp-json\/wp\/v2\/pages"}],"about":[{"href":"https:\/\/meble-sakralne-jampol.pl\/index.php\/wp-json\/wp\/v2\/types\/page"}],"author":[{"embeddable":true,"href":"https:\/\/meble-sakralne-jampol.pl\/index.php\/wp-json\/wp\/v2\/users\/1"}],"replies":[{"embeddable":true,"href":"https:\/\/meble-sakralne-jampol.pl\/index.php\/wp-json\/wp\/v2\/comments?post=26"}],"version-history":[{"count":3,"href":"https:\/\/meble-sakralne-jampol.pl\/index.php\/wp-json\/wp\/v2\/pages\/26\/revisions"}],"predecessor-version":[{"id":42,"href":"https:\/\/meble-sakralne-jampol.pl\/index.php\/wp-json\/wp\/v2\/pages\/26\/revisions\/42"}],"wp:attachment":[{"href":"https:\/\/meble-sakralne-jampol.pl\/index.php\/wp-json\/wp\/v2\/media?parent=26"}],"curies":[{"name":"wp","href":"https:\/\/api.w.org\/{rel}","templated":true}]}}